{"id":25,"date":"2018-01-17T16:57:07","date_gmt":"2018-01-17T15:57:07","guid":{"rendered":"http:\/\/laurentgolon.fr\/?page_id=25"},"modified":"2021-07-06T00:20:44","modified_gmt":"2021-07-05T22:20:44","slug":"liens","status":"publish","type":"page","link":"https:\/\/laurentgolon.fr\/index.php\/liens\/","title":{"rendered":"Liens"},"content":{"rendered":"<div class=\"fusion-fullwidth fullwidth-box fusion-builder-row-1 nonhundred-percent-fullwidth non-hundred-percent-height-scrolling\"  style='background-color: rgba(255,255,255,0);background-position: center center;background-repeat: no-repeat;padding-top:0px;padding-right:0px;padding-bottom:0px;padding-left:0px;'><div class=\"fusion-builder-row fusion-row \"><div  class=\"fusion-layout-column fusion_builder_column fusion_builder_column_1_1 fusion-builder-column-0 fusion-one-full fusion-column-first fusion-column-last 1_1\"  style='margin-top:0px;margin-bottom:0px;'><div class=\"fusion-column-wrapper\" style=\"padding: 0px 0px 0px 0px;background-position:left top;background-repeat:no-repeat;-webkit-background-size:cover;-moz-background-size:cover;-o-background-size:cover;background-size:cover;\"   data-bg-url=\"\"><div class=\"fusion-text\"><p style=\"padding-left: 160px;\"><a href=\"mailto:Laurentgolon@hotmail.com\">\u00a0\u00a0\u00a0\u00a0<\/a><\/p>\n<p style=\"padding-left: 160px;\"><a href=\"mailto:laurentgolon@hotmail.com\">Laurent Golon<\/a>,<\/p>\n<p style=\"padding-left: 160px;\">et aussi :<\/p>\n<p style=\"padding-left: 160px;\"><a href=\"https:\/\/www.sophiejoubert.fr\/\">Sophie Joubert<\/a><\/p>\n<p style=\"padding-left: 160px;\"><a href=\"http:\/\/jeanmarc.chouvel.free.fr\/\">Jean-Marc Chouvel<\/a><\/p>\n<p style=\"padding-left: 160px;\"><a href=\"http:\/\/julienfezans.com\/\">Julien Fezans<\/a><\/p>\n<p style=\"text-align: left; padding-left: 160px;\"><a href=\"http:\/\/www.phonogenistes.fr\/\">Les Phonogenistes<\/a><\/p>\n<p style=\"text-align: left; padding-left: 160px;\"><a href=\"http:\/\/www.mabeloctobre.net\/\">Mabel <\/a><a href=\"http:\/\/www.mabeloctobre.net\/\">Octobre<\/a><\/p>\n<p style=\"padding-left: 160px;\"><a href=\"https:\/\/cesare-cncm.com\/\">C\u00e9sar\u00e9<\/a><\/p>\n<p style=\"text-align: left; padding-left: 160px;\"><a href=\"https:\/\/www.facebook.com\/groups\/2531928313531877\/?source_id=1534695286824400\">K\u00f6zel\u00edt\u00e9s M\u0171v\u00e9szeti Egyes\u00fclet<\/a><\/p>\n<p style=\"text-align: left; padding-left: 160px;\"><a href=\"https:\/\/aa-e.org\/fr\/\">L&rsquo;Association des Artistes en Exil<\/a><\/p>\n<p style=\"text-align: left; padding-left: 160px;\"><a href=\"http:\/\/www.leslaboratoires.org\/\">Les Laboratoires d&rsquo;Aubervilliers<\/a><\/p>\n<p style=\"text-align: left; padding-left: 160px;\"><a href=\"https:\/\/www.instantschavires.com\/\">Les Instants Chavir\u00e9s<\/a><\/p>\n<\/div><div class=\"fusion-clearfix\"><\/div><\/div><\/div><\/div><\/div>\n","protected":false},"excerpt":{"rendered":"","protected":false},"author":1,"featured_media":0,"parent":0,"menu_order":0,"comment_status":"closed","ping_status":"closed","template":"","meta":[],"_links":{"self":[{"href":"https:\/\/laurentgolon.fr\/index.php\/wp-json\/wp\/v2\/pages\/25"}],"collection":[{"href":"https:\/\/laurentgolon.fr\/index.php\/wp-json\/wp\/v2\/pages"}],"about":[{"href":"https:\/\/laurentgolon.fr\/index.php\/wp-json\/wp\/v2\/types\/page"}],"author":[{"embeddable":true,"href":"https:\/\/laurentgolon.fr\/index.php\/wp-json\/wp\/v2\/users\/1"}],"replies":[{"embeddable":true,"href":"https:\/\/laurentgolon.fr\/index.php\/wp-json\/wp\/v2\/comments?post=25"}],"version-history":[{"count":15,"href":"https:\/\/laurentgolon.fr\/index.php\/wp-json\/wp\/v2\/pages\/25\/revisions"}],"predecessor-version":[{"id":2184,"href":"https:\/\/laurentgolon.fr\/index.php\/wp-json\/wp\/v2\/pages\/25\/revisions\/2184"}],"wp:attachment":[{"href":"https:\/\/laurentgolon.fr\/index.php\/wp-json\/wp\/v2\/media?parent=25"}],"curies":[{"name":"wp","href":"https:\/\/api.w.org\/{rel}","templated":true}]}}